{"id":7056,"date":"2024-03-14T14:18:34","date_gmt":"2024-03-14T14:18:34","guid":{"rendered":"https:\/\/vilalara.com\/privacy\/"},"modified":"2024-05-29T10:55:46","modified_gmt":"2024-05-29T10:55:46","slug":"daten-schutzerklaerung","status":"publish","type":"page","link":"https:\/\/vilalara.com\/de\/daten-schutzerklaerung\/","title":{"rendered":"Daten- Schutzerkl\u00e4rung"},"content":{"rendered":"\n<h5 class=\"wp-block-heading\">I. EINF\u00dcHRUNG<\/h5>\n\n\n\n<p>Der Zweck des vorliegenden Dokuments ist eine genaue Erkl\u00e4rung zur Richtlinie \u00fcber die Verpflichtungen zum Datenschutz zu geben, die in allen Unternehmen umzusetzen sind, aus denen sich die Gruppe BLUE &amp; GREEN (nachfolgend als \u201e<strong>Gruppe<\/strong><strong>B&amp;G<\/strong>\u201d bezeichnet) zusammensetzt und die in dieser integriert sind. Die vorliegende Richtlinie umfasst die Verpflichtungen der Gruppe B&amp;G bez\u00fcglich der Verarbeitung von personenbezogenen Daten, um die Erf\u00fcllung der Anforderungen der einschl\u00e4gigen Gesetzgebung zu gew\u00e4hrleisten, in einer Perspektive der Anpassung der Bem\u00fchungen bez\u00fcglich einer sich st\u00e4ndig ver\u00e4ndernden Realit\u00e4t, angesichts der wesentlichen Risiken.<\/p>\n\n\n\n<h5 class=\"wp-block-heading\">II. BEGR\u00dcNDUNG<\/h5>\n\n\n\n<p>Die Gruppe B&amp;G muss die in der geltenden Gesetzgebung festgelegten Prinzipien des Datenschutzes erf\u00fcllen.<\/p>\n\n\n\n<p>Diese Richtlinie gilt f\u00fcr alle Verarbeitungen von personenbezogenen Daten, einschlie\u00dflich ihrer Erfassung, Behandlung und Speicherung von allen Unternehmen der Gruppe B&amp;G bez\u00fcglich ihrer Angestellten, Dienstleistungserbringer und Kunden im Laufe der entsprechenden Aktivit\u00e4t.<\/p>\n\n\n\n<h5 class=\"wp-block-heading\">III. ANWENDUNGSBEREICH<\/h5>\n\n\n\n<p>Die Richtlinie umfasst alle personenbezogenen Daten, einschlie\u00dflich der Daten bez\u00fcglich der speziellen Kategorien von personenbezogenen Daten, verarbeitet in Bezug der betroffenen Personen seitens der Gruppe B&amp;G, sofern sie f\u00fcr die Verarbeitung verantwortlich oder Subunternehmer ist.<\/p>\n\n\n\n<p>Die vorliegende Richtlinie gilt ebenfalls f\u00fcr personenbezogene Daten, die manuell verarbeitet werden, sofern sie in einer strukturierten Datei eingebunden sind.<\/p>\n\n\n\n<p>Alle personenbezogenen Daten bez\u00fcglich der speziellen Kategorien von personenbezogenen Daten werden mit gr\u00f6\u00dfter Sorgfalt von der Gruppe B&amp;G verarbeitet. Beide Kategorien werden ebenfalls als<strong>&nbsp;\u201ePersonenbezogene Daten\u201c<\/strong>&nbsp;in der vorliegenden Richtlinie bezeichnet, sofern nichts anderes angegeben wird.<\/p>\n\n\n\n<h5 class=\"wp-block-heading\">IV. WER F\u00dcHRT DIE VERARBEITUNG IHRER DATEN DURCH<\/h5>\n\n\n\n<p>Im Laufe ihrer t\u00e4glichen Aktivit\u00e4ten k\u00f6nnen die Unternehmen der Gruppe B&amp;G personenbezogene Daten erwerben, verarbeiten und speichern.<\/p>\n\n\n\n<p>Gem\u00e4\u00df der europ\u00e4ischen und portugiesischen Gesetzgebung bez\u00fcglich des Datenschutzes m\u00fcssen diese Daten rechtm\u00e4\u00dfig, nach Treu und Glauben und transparent erworben und verwaltet werden.<\/p>\n\n\n\n<p>Die Gruppe B&amp;G verpflichtet sich, daf\u00fcr Sorge zu tragen, dass ihr Team eine ausreichende Kenntnis der Gesetzgebung und der Methoden des Datenschutzes hat, um jegliche Fragen zum Datenschutz, die eventuell auftreten k\u00f6nnen, zu antizipieren und zu identifizieren.<\/p>\n\n\n\n<p>Unter diesen Umst\u00e4nden muss das Team sicherstellen, dass der f\u00fcr die Datenverarbeitung Verantwortliche informiert wird, sodass gew\u00e4hrleistet ist, dass alle geeigneten und erforderlichen korrektiven Ma\u00dfnahmen vorgenommen werden, um alle Rechte, Freiheiten und Garantien der betroffenen Personen zu garantieren.<\/p>\n\n\n\n<p>Die Gruppe B&amp;G kann personenbezogene Daten der betroffenen Personen mit Unterauftragnehmer teilen, sofern dies f\u00fcr die normale Erbringung ihrer Dienste erforderlich ist.<\/p>\n\n\n\n<p>Der Zugang von den Unterauftragnehmern zu den personenbezogenen Daten, die von der Gruppe B&amp;G geteilt werden, wird im Rahmen der Verpflichtung der Gruppe B&amp;G durch den mit ihren Unterauftragnehmern geschlossenen Vertrag geregelt.<\/p>\n\n\n\n<p>In diesem Sinne gew\u00e4hrleistet die Gruppe B&amp;G vertraglich, dass die Unterauftragnehmer vertrauensw\u00fcrdige Stellen sind, die die angemessenen Schutzgarantien bieten und \u00fcberpr\u00fcft diese regelm\u00e4\u00dfig, und sie wird diesen nur Daten \u00fcbermitteln, die erforderlich f\u00fcr die Erbringung des beauftragten Dienstes sind.<\/p>\n\n\n\n<p>Im Laufe ihrer Funktion als f\u00fcr die Verarbeitung Verantwortliche kann die Gruppe B&amp;G noch personenbezogene Daten der betroffenen Personen mit anderen f\u00fcr die Verarbeitung Verantwortlichen teilen, um die Verarbeitungsvorg\u00e4nge durchzuf\u00fchren, die f\u00fcr die Erbringung der beauftragten Dienste erforderlich sind.<\/p>\n\n\n\n<p>Im Anwendungsbereich der genannten gemeinsamen Verantwortung schlie\u00dft die Gruppe B&amp;G einen Vertrag mit dem anderen f\u00fcr die Verarbeitung Verantwortlichen ab, unter den Bedingungen, unter denen auf transparente Art die entsprechenden Zwecke und Verantwortlichkeiten bei der Erf\u00fcllung der geltenden Gesetzgebung von Datenschutz identifiziert werden, sodass die Erf\u00fcllung der Rechte und Freiheiten der betroffener Personen \u00fcber die Festlegung von angemessenen Kommunikationskan\u00e4len garantiert wird, um die Antr\u00e4ge der betroffenen Personen zu beantworten.<\/p>\n\n\n\n<p>Unabh\u00e4ngig der bestehenden Beziehung zwischen den Empf\u00e4ngern von personenbezogenen Daten, legt die Gruppe B&amp;G \u00fcber einen formalen und schriftlichen Vertrag zur Begrenzung der Verpflichtungen in Sachen von personenbezogenen Daten den spezifischen Zweck oder die Absichten, f\u00fcr die sie verwendet werden, und das Verst\u00e4ndnis, dass sie die Datenverarbeitungsvorg\u00e4nge in \u00dcbereinstimmung mit der portugiesischen Gesetzgebung \u00fcber Datenschutz durchf\u00fchren, fest.<\/p>\n\n\n\n<h5 class=\"wp-block-heading\">V. IHRE DATEN WERDEN MIT DEN FOLGENDEN EMPF\u00c4NGERN GETEILT:<\/h5>\n\n\n\n<ul class=\"wp-block-list\">\n<li>Dienstleistungserbringer von computergest\u00fctzten, technischen und betrieblichen Support;<\/li>\n\n\n\n<li>Stellen der Gruppe B&amp;G;<\/li>\n\n\n\n<li>Stellen zugeh\u00f6rig oder mit gemeinsamer Verwaltung mit der Gruppe B&amp;G;<\/li>\n\n\n\n<li>Stellen, zu denen die Unternehmen der Gruppe B&amp;G Dienste erbringen; und<\/li>\n\n\n\n<li>Justizbeh\u00f6rden, Polizeidienststellen und administrative Beh\u00f6rden.<\/li>\n<\/ul>\n\n\n\n<h5 class=\"wp-block-heading\">VI. WAS MACHEN WIR MIT IHREN DATEN:<\/h5>\n\n\n\n<p>Als f\u00fcr die Verarbeitung Verantwortliche garantiert die Gruppe B&amp;G, dass alle personenbezogenen Daten:<\/p>\n\n\n\n<ul class=\"wp-block-list\">\n<li>F\u00fcr spezifische, rechtm\u00e4\u00dfige und deutlich festgelegte Zwecke erhalten werden, wobei die betroffene Person das Recht hat, den Zweck bzw. die Zwecke, f\u00fcr den bzw. f\u00fcr die die Gruppe B&amp;G diese Daten erfasst und aufbewahrt, zu hinterfragen und die Gruppe B&amp;G muss auf eine deutliche und genaue Art informieren, was ihre Absicht oder Zwecke sind.<\/li>\n\n\n\n<li>Kompatibel mit den Absichten sind, f\u00fcr die sie erworben wurden.<\/li>\n\n\n\n<li>Mit geeigneten Sicherheitsma\u00dfnahmen &#8211; umgesetzt oder umzusetzen -aufbewahrt werden &#8211; um sie gegen den unbefugten Zugang oder gegen die \u00c4nderung, Vernichtung oder Verbreitung von irgendwelchen personenbezogenen Daten, die von der Gruppe B&amp;G als f\u00fcr die Verarbeitung Verantwortliche gespeichert werden, zu sch\u00fctzen.<\/li>\n\n\n\n<li>Auf pr\u00e4zise, komplette und aktualisierte Art, wenn erforderlich, gespeichert werden.<\/li>\n\n\n\n<li>Auf begrenzte Art erfasst werden und nur f\u00fcr die strikt erforderliche Zeit gespeichert werden, sodass nicht zu viele Daten erfasst und\/oder verarbeitet werden.<\/li>\n<\/ul>\n\n\n\n<p>Somit setzte die Gruppe B&amp;G ein Verfahren zur Beantwortung der Anfragen der betroffenen Personen ein, um solche Gesuche effizient und angemessen innerhalb der in der Gesetzgebung festgelegten Fristen zu verwalten.<\/p>\n\n\n\n<p>Die Gruppe B&amp;G hat die Sicherheitsniveaus und den Schutz der zur Verf\u00fcgung gestellten Daten sowie die technischen und organisatorischen Ma\u00dfnahmen f\u00fcr den Schutz der personenbezogenen Daten gegen Verbreitung, Verlust, Missbrauch, \u00c4nderung, Verarbeitung oder unbefugten Zugang sowie gegen jede andere rechtswidrige Verarbeitungsform umgesetzt oder setzt sie gerade um.<\/p>\n\n\n\n<p>Alle Mitarbeiter der Gruppe B&amp;G unterliegen ebenfalls den Vorschriften der Geheimhaltung.<\/p>\n\n\n\n<h5 class=\"wp-block-heading\">VII. ZWECKE UND BEGR\u00dcNDUNGEN DER RECHTM\u00c4SSIGKEIT DER VERARBEITUNGEN:<\/h5>\n\n\n\n<p>Kunden<\/p>\n\n\n\n<p>Die Gruppe B&amp;G f\u00fchrt Verarbeitungen bez\u00fcglich der personenbezogenen Daten ihrer Kunden durch, um die Erf\u00fcllung des Dienstleistungsvertrags, der mit den betroffenen Personen oder mit den Verantwortlichen f\u00fcr die gemeinsame Verarbeitung (bez\u00fcglich der Daten und der betroffenen Personen, die von diesen als Gegenparteien, Arbeiter und anderen erfasst wurden) geschlossen wurde, zu garantieren. Die nun identifizierten und der Datenverarbeitung unterliegenden personenbezogen Daten befinden sich im Schutz einer Situation einer Notwendigkeit, denn f\u00fcr die Ausf\u00fchrung eines Vertrags oder f\u00fcr vorvertragliche Ma\u00dfnahmen oder f\u00fcr die Erf\u00fcllung von juristischen Verpflichtungen oder im Falle des Marketings k\u00f6nnen sie der Zustimmung unterliegen.<\/p>\n\n\n\n<p>Die Daten der speziellen Kategorie bez\u00fcglich von Kunden oder von Kunden erhalten, werden den geeigneten Verarbeitungsverfahren unterliegen, in dem Ma\u00dfe, in dem sie aus Gr\u00fcnden von wichtigem \u00f6ffentlichen Interesse, wie z. B. die Verhinderung von Geldw\u00e4sche und von Terrorismusfinanzierung, erforderlich sind.<\/p>\n\n\n\n<p>Die Verarbeitung von personenbezogenen Daten von Kunden oder von \u00fcber Kunden erhaltenen Daten in Verbindung mit strafrechtlichen Verurteilungen und Straftaten oder mit verbundenen Sicherungsma\u00dfregeln werden immer Gegenstand von angemessenen Garantien zum Schutz der Rechte und Freiheiten der betroffenen Personen, wobei die Verarbeitungen dieser Daten auf die strikte Erf\u00fcllung der geltenden juristischen Verpflichtungen begrenzt sind.<\/p>\n\n\n\n<p>Angestellte<\/p>\n\n\n\n<p>Die Gruppe B&amp;G f\u00fchrt Verarbeitungsvorg\u00e4nge bez\u00fcglich der Daten ihrer Angestellten f\u00fcr die Ausf\u00fchrung des Arbeitsvertrags aus. Die verarbeiteten Daten sind f\u00fcr die Ausf\u00fchrung eines Vertrags erforderlich, in dem die betroffene Person Teil ist oder f\u00fcr die vorvertraglichen Ma\u00dfnahmen auf Anfrage der betroffenen Person.<\/p>\n\n\n\n<p>Die personenbezogenen Daten von Angestellten werden auch f\u00fcr die Erf\u00fcllung von rechtlichen Verpflichtungen, denen der f\u00fcr die Verarbeitung Verantwortliche unterliegt, erfasst und verarbeitet.<\/p>\n\n\n\n<p>Die Verarbeitungsvorg\u00e4nge bez\u00fcglich der von den Angestellten erfassten Daten einer speziellen Kategorie sind erforderlich f\u00fcr die Erf\u00fcllung von rechtlichen Verpflichtungen und bei der Aus\u00fcbung von spezifischen Rechten des Verantwortlichen f\u00fcr die Verarbeitung oder der betroffenen Person in Sachen Arbeitsvorschriften, Sozialversicherung und Sozialschutz und noch f\u00fcr die Wirkung der vorbeugenden Medizin oder Arbeitsmedizin f\u00fcr die Bewertung der Arbeitskapazit\u00e4t des Angestellten.<\/p>\n\n\n\n<p>Die Verarbeitung von personenbezogenen Daten von Angestellten oder \u00fcber Angestellte erhaltene Daten in Verbindung mit strafrechtlichen Verurteilungen und Straftaten oder mit verbundenen Sicherungsma\u00dfregeln werden immer Gegenstand von angemessenen Sicherheiten zum Schutz der Rechte und Freiheiten der Inhaber der Daten, wobei die Vorg\u00e4nge bez\u00fcglich dieser Daten auf die strikte Erf\u00fcllung der geltenden rechtlichen Verpflichtungen begrenzt sind.<\/p>\n\n\n\n<p>Dienstleistererbringer<\/p>\n\n\n\n<p>Die Gruppe B&amp;G f\u00fchrt Verarbeitungen bez\u00fcglich der personenbezogenen Daten ihrer Dienstleistererbringer durch, um die Erf\u00fcllung des Dienstleistungsvertrags, der mit den betroffenen Personen oder mit den Verantwortlichen f\u00fcr die gemeinsame Verarbeitung (bez\u00fcglich der Daten und der betroffenen Personen, die von diesen als Gegenparteien, Arbeiter und anderen erfasst wurden) geschlossen wurde, zu garantieren. Die nun identifizierten und der Datenverarbeitung unterliegenden personenbezogen Daten befinden sich im Schutz einer Situation einer Notwendigkeit, denn f\u00fcr die Ausf\u00fchrung eines Vertrags oder f\u00fcr vorvertragliche Ma\u00dfnahmen oder f\u00fcr die Erf\u00fcllung von rechtlichen Verpflichtungen k\u00f6nnen sie der Zustimmung unterliegen.<\/p>\n\n\n\n<p>Die Daten einer speziellen Kategorie bez\u00fcglich Dienstleistererbringer oder \u00fcber den Dienstleistererbringern erhaltenen Daten werden der Datenverarbeitung unterliegen, in dem Ma\u00dfe, indem sie f\u00fcr eine Erkl\u00e4rung oder zur Aus\u00fcbung oder zum Schutz eines Rechts in einem juristischen Prozess oder die Verarbeitung, die f\u00fcr die Zwecke der Erf\u00fcllung oder der Aus\u00fcbung von spezifischen Rechten des Verantwortlichen f\u00fcr die Verarbeitung oder der betroffenen Personen in Sachen Arbeitsvorschriften, Sozialversicherung und Sozialschutz und noch f\u00fcr die Wirkung der vorbeugenden Medizin und Arbeitsmedizin f\u00fcr die Bewertung der Arbeitskapazit\u00e4t des Angestellten erforderlich sind.<\/p>\n\n\n\n<p>Die Verarbeitung von personenbezogenen Daten von Dienstleistererbringer oder \u00fcber Dienstleistererbringer erhaltene Daten in Verbindung mit strafrechtlichen Verurteilungen und Straftaten oder mit verbundenen Sicherungsma\u00dfregeln werden immer Gegenstand von angemessenen Sicherheiten zum Schutz der Rechte und Freiheiten der betroffenen Person sein, wobei die Vorg\u00e4nge bez\u00fcglich dieser Daten auf die strikte Erf\u00fcllung der geltenden rechtlichen Verpflichtungen begrenzt sind.<\/p>\n\n\n\n<h5 class=\"wp-block-heading\">VIII. KRITERIEN ZUR BERECHNUNG DER AUFBEWAHRUNGSZEITR\u00c4UME<\/h5>\n\n\n\n<p>Die Gruppe B&amp;G bewahrt die personenbezogenen Daten f\u00fcr einen Zeitraum auf, der als erforderlich und ausreichend f\u00fcr die Zwecke, die die Erfassung und Verarbeitung begr\u00fcndeten, erachtet wird, wobei der Zeitraum der Aufbewahrung von Daten gem\u00e4\u00df dem Zweck, f\u00fcr den die Information verarbeitet wird, und gem\u00e4\u00df den gesetzlichen Vorschriften, die ihre Aufbewahrung vorschreiben, variiert, und nach Ablauf dieses Zeitraums m\u00fcssen diese gel\u00f6scht werden, mittels die technischen und funktionellen angemessenen Garantien, entsprechend dokumentiert in jedem der relevanten Prozesse.<\/p>\n\n\n\n<h5 class=\"wp-block-heading\">IX. ZUGANGSRECHT UND AUS\u00dcBUNG VON RECHTEN<\/h5>\n\n\n\n<p>Die betroffenen Personen k\u00f6nnen die im Rahmen der geltenden Gesetzgebung zum Datenschutz erteilten Rechte \u00fcber die folgende E-Mail aus\u00fcben:<a href=\"mailto:blueandgreen@dataprotection.pt\">&nbsp;blueandgreen@dataprotection.pt<\/a><\/p>\n\n\n\n<p>Die Gruppe B&amp;G ernannte noch einen Datenschutzbeauftragten gem\u00e4\u00df den bew\u00e4hrten Praktiken in dem Bereich, der \u00fcber die folgende E-Mail-Adresse kontaktiert werden kann:&nbsp;<a href=\"mailto:blueandgreen@dataprotection.pt\">blueandgreen@dataprotection.pt<\/a><\/p>\n","protected":false},"excerpt":{"rendered":"<p>I. EINF\u00dcHRUNG Der Zweck des vorliegenden Dokuments ist eine genaue Erkl\u00e4rung zur Richtlinie \u00fcber die Verpflichtungen zum Datenschutz zu geben, die in allen Unternehmen umzusetzen sind, aus denen sich die Gruppe BLUE &amp; GREEN (nachfolgend als \u201eGruppeB&amp;G\u201d bezeichnet) zusammensetzt und die in dieser integriert sind. Die vorliegende Richtlinie umfasst die Verpflichtungen der Gruppe B&amp;G bez\u00fcglich [&hellip;]<\/p>\n","protected":false},"author":1,"featured_media":0,"parent":0,"menu_order":0,"comment_status":"closed","ping_status":"closed","template":"page-privacy.php","meta":{"_acf_changed":false,"inline_featured_image":false,"footnotes":""},"class_list":["post-7056","page","type-page","status-publish","hentry"],"acf":[],"_links":{"self":[{"href":"https:\/\/vilalara.com\/de\/wp-json\/wp\/v2\/pages\/7056","targetHints":{"allow":["GET"]}}],"collection":[{"href":"https:\/\/vilalara.com\/de\/wp-json\/wp\/v2\/pages"}],"about":[{"href":"https:\/\/vilalara.com\/de\/wp-json\/wp\/v2\/types\/page"}],"author":[{"embeddable":true,"href":"https:\/\/vilalara.com\/de\/wp-json\/wp\/v2\/users\/1"}],"replies":[{"embeddable":true,"href":"https:\/\/vilalara.com\/de\/wp-json\/wp\/v2\/comments?post=7056"}],"version-history":[{"count":1,"href":"https:\/\/vilalara.com\/de\/wp-json\/wp\/v2\/pages\/7056\/revisions"}],"predecessor-version":[{"id":7058,"href":"https:\/\/vilalara.com\/de\/wp-json\/wp\/v2\/pages\/7056\/revisions\/7058"}],"wp:attachment":[{"href":"https:\/\/vilalara.com\/de\/wp-json\/wp\/v2\/media?parent=7056"}],"curies":[{"name":"wp","href":"https:\/\/api.w.org\/{rel}","templated":true}]}}