{"id":7059,"date":"2024-03-14T14:15:24","date_gmt":"2024-03-14T14:15:24","guid":{"rendered":"https:\/\/vilalara.com\/cookies-policy\/"},"modified":"2024-05-28T09:48:04","modified_gmt":"2024-05-28T09:48:04","slug":"cookie-richtlinie","status":"publish","type":"page","link":"https:\/\/vilalara.com\/de\/cookie-richtlinie\/","title":{"rendered":"Cookie Richtlinie"},"content":{"rendered":"\n<p>Ein Cookie ist ein kleines Datenpaket (Textdatei), das Ihr Browser auf Anweisung einer besuchten Website auf Ihrem Ger\u00e4t speichert, um sich Informationen \u00fcber Sie zu \u201emerken\u201c, wie etwa Ihre Spracheinstellungen oder Anmeldeinformationen. Diese Cookies werden von uns gesetzt und als Erstanbieter-Cookies bezeichnet. Wir verwenden auch Drittanbieter-Cookies, welche von einer anderen Dom\u00e4ne als die der von Ihnen besuchten Website stammen. Wie verwenden diese Cookies zur Unterst\u00fctzung unserer Werbe- und Marketingma\u00dfnahmen. Insbesondere verwenden wir Cookies und andere Tracker-Technologien f\u00fcr die folgenden Zwecke:<\/p>\n","protected":false},"excerpt":{"rendered":"<p>Ein Cookie ist ein kleines Datenpaket (Textdatei), das Ihr Browser auf Anweisung einer besuchten Website auf Ihrem Ger\u00e4t speichert, um sich Informationen \u00fcber Sie zu \u201emerken\u201c, wie etwa Ihre Spracheinstellungen oder Anmeldeinformationen. Diese Cookies werden von uns gesetzt und als Erstanbieter-Cookies bezeichnet. Wir verwenden auch Drittanbieter-Cookies, welche von einer anderen Dom\u00e4ne als die der von [&hellip;]<\/p>\n","protected":false},"author":1,"featured_media":0,"parent":0,"menu_order":0,"comment_status":"closed","ping_status":"closed","template":"page-cookiesPolicy.php","meta":{"_acf_changed":false,"inline_featured_image":false,"footnotes":""},"class_list":["post-7059","page","type-page","status-publish","hentry"],"acf":[],"_links":{"self":[{"href":"https:\/\/vilalara.com\/de\/wp-json\/wp\/v2\/pages\/7059","targetHints":{"allow":["GET"]}}],"collection":[{"href":"https:\/\/vilalara.com\/de\/wp-json\/wp\/v2\/pages"}],"about":[{"href":"https:\/\/vilalara.com\/de\/wp-json\/wp\/v2\/types\/page"}],"author":[{"embeddable":true,"href":"https:\/\/vilalara.com\/de\/wp-json\/wp\/v2\/users\/1"}],"replies":[{"embeddable":true,"href":"https:\/\/vilalara.com\/de\/wp-json\/wp\/v2\/comments?post=7059"}],"version-history":[{"count":2,"href":"https:\/\/vilalara.com\/de\/wp-json\/wp\/v2\/pages\/7059\/revisions"}],"predecessor-version":[{"id":7062,"href":"https:\/\/vilalara.com\/de\/wp-json\/wp\/v2\/pages\/7059\/revisions\/7062"}],"wp:attachment":[{"href":"https:\/\/vilalara.com\/de\/wp-json\/wp\/v2\/media?parent=7059"}],"curies":[{"name":"wp","href":"https:\/\/api.w.org\/{rel}","templated":true}]}}