{"id":6776,"date":"2024-03-14T14:15:24","date_gmt":"2024-03-14T14:15:24","guid":{"rendered":"https:\/\/vilalara.com\/cookies-policy\/"},"modified":"2024-05-29T10:21:30","modified_gmt":"2024-05-29T10:21:30","slug":"politica-de-cookies","status":"publish","type":"page","link":"https:\/\/vilalara.com\/es\/politica-de-cookies\/","title":{"rendered":"Pol\u00edtica de Cookies"},"content":{"rendered":"\n<p>Una cookie es un fragmento peque\u00f1o de datos (archivos de texto) que un sitio web, cuando es visitado por un usuario, le pregunta a su navegador para almacenarse en su dispositivo y as\u00ed recordar informaci\u00f3n acerca de usted, como por ejemplo la preferencia de idioma o su informaci\u00f3n para iniciar sesi\u00f3n. Estas cookies son establecidas por nosotros, y se llaman cookies de primeras partes. Tambi\u00e9n usamos cookies de terceras partes (que son cookies de un dominio diferente al dominio del sitio web que est\u00e1 visitando) para nuestros estudios de anuncios y marketing. Espec\u00edficamente, usamos las cookies y otras tecnolog\u00edas de seguimiento para los siguientes prop\u00f3sitos:<\/p>\n","protected":false},"excerpt":{"rendered":"<p>Una cookie es un fragmento peque\u00f1o de datos (archivos de texto) que un sitio web, cuando es visitado por un usuario, le pregunta a su navegador para almacenarse en su dispositivo y as\u00ed recordar informaci\u00f3n acerca de usted, como por ejemplo la preferencia de idioma o su informaci\u00f3n para iniciar sesi\u00f3n. Estas cookies son establecidas [&hellip;]<\/p>\n","protected":false},"author":1,"featured_media":0,"parent":0,"menu_order":0,"comment_status":"closed","ping_status":"closed","template":"page-cookiesPolicy.php","meta":{"_acf_changed":false,"inline_featured_image":false,"footnotes":""},"class_list":["post-6776","page","type-page","status-publish","hentry"],"acf":[],"_links":{"self":[{"href":"https:\/\/vilalara.com\/es\/wp-json\/wp\/v2\/pages\/6776","targetHints":{"allow":["GET"]}}],"collection":[{"href":"https:\/\/vilalara.com\/es\/wp-json\/wp\/v2\/pages"}],"about":[{"href":"https:\/\/vilalara.com\/es\/wp-json\/wp\/v2\/types\/page"}],"author":[{"embeddable":true,"href":"https:\/\/vilalara.com\/es\/wp-json\/wp\/v2\/users\/1"}],"replies":[{"embeddable":true,"href":"https:\/\/vilalara.com\/es\/wp-json\/wp\/v2\/comments?post=6776"}],"version-history":[{"count":4,"href":"https:\/\/vilalara.com\/es\/wp-json\/wp\/v2\/pages\/6776\/revisions"}],"predecessor-version":[{"id":6794,"href":"https:\/\/vilalara.com\/es\/wp-json\/wp\/v2\/pages\/6776\/revisions\/6794"}],"wp:attachment":[{"href":"https:\/\/vilalara.com\/es\/wp-json\/wp\/v2\/media?parent=6776"}],"curies":[{"name":"wp","href":"https:\/\/api.w.org\/{rel}","templated":true}]}}