{"id":6933,"date":"2024-03-14T14:18:34","date_gmt":"2024-03-14T14:18:34","guid":{"rendered":"https:\/\/vilalara.com\/privacy\/"},"modified":"2024-06-14T22:27:41","modified_gmt":"2024-06-14T22:27:41","slug":"politique-de-confidentialite","status":"publish","type":"page","link":"https:\/\/vilalara.com\/fr\/politique-de-confidentialite\/","title":{"rendered":"Politique de confidentialit\u00e9"},"content":{"rendered":"\n<h5 class=\"wp-block-heading\">I. INTRODUCTION<\/h5>\n\n\n\n<p>Le but de ce document est de fournir une d\u00e9claration de la politique concise sur les obligations de protection des donn\u00e9es \u00e0 mettre en \u0153uvre dans toutes les entreprises qui forment et int\u00e8grent le Groupe BLUE &amp; GREEN (ci-apr\u00e8s d\u00e9nomm\u00e9 \u00ab&nbsp;<strong>Groupe B&amp;G<\/strong>&nbsp;\u00bb). Cette politique inclut les obligations du Groupe B&amp;G concernant les op\u00e9rations de traitement des donn\u00e9es \u00e0 caract\u00e8re personnel afin de garantir le respect des exigences de la l\u00e9gislation pertinente, selon une perspective d&rsquo;adaptation des efforts par rapport \u00e0 une r\u00e9alit\u00e9 en changement continu, pour faire face aux risques les plus importants.<\/p>\n\n\n\n<h5 class=\"wp-block-heading\">II. FONDEMENT<\/h5>\n\n\n\n<p>Le Groupe B&amp;G doit respecter les principes de protection des donn\u00e9es \u00e9tablis dans la l\u00e9gislation en vigueur.<\/p>\n\n\n\n<p>Cette Politique s&rsquo;applique \u00e0 toutes les op\u00e9rations de traitement des donn\u00e9es \u00e0 caract\u00e8re personnel, y compris leur collecte, traitement et stockage par toutes les entreprises du Groupe B&amp;G concernant leurs employ\u00e9s, prestataires de services et clients, au cours de l&rsquo;activit\u00e9 respective.<\/p>\n\n\n\n<h5 class=\"wp-block-heading\">III. CADRE<\/h5>\n\n\n\n<p>La Politique couvre toutes les donn\u00e9es \u00e0 caract\u00e8re personnel, y compris les donn\u00e9es se r\u00e9f\u00e9rant aux cat\u00e9gories sp\u00e9ciales de donn\u00e9es \u00e0 caract\u00e8re personnel, trait\u00e9es par rapport aux titulaires des donn\u00e9es, par le Groupe B&amp;G, en tant que responsable du traitement ou sous-traitant.<\/p>\n\n\n\n<p>Cette Politique s&rsquo;applique \u00e9galement aux donn\u00e9es \u00e0 caract\u00e8re personnel trait\u00e9es manuellement d\u00e8s lors qu&rsquo;elles sont incluses dans un fichier structur\u00e9.<\/p>\n\n\n\n<p>Toutes les donn\u00e9es \u00e0 caract\u00e8re personnel concernant les cat\u00e9gories sp\u00e9ciales de donn\u00e9es personnelles seront trait\u00e9es avec une pr\u00e9caution accrue par le Groupe B&amp;G. Toutes les cat\u00e9gories seront \u00e9galement mentionn\u00e9es comme \u00ab&nbsp;<strong>Donn\u00e9es \u00e0 caract\u00e8re personnel<\/strong>&nbsp;\u00bb dans cette Politique, sauf indication contraire.<\/p>\n\n\n\n<h5 class=\"wp-block-heading\">IV. QUI R\u00c9ALISE LES OP\u00c9RATIONS DE TRAITEMENT DE VOS DONN\u00c9ES<\/h5>\n\n\n\n<p>Dans le cadre de leurs activit\u00e9s quotidiennes, les entreprises du Groupe B&amp;G peuvent acqu\u00e9rir, traiter et stocker des donn\u00e9es \u00e0 caract\u00e8re personnel.<\/p>\n\n\n\n<p>Conform\u00e9ment \u00e0 la l\u00e9gislation europ\u00e9enne et portugaise en mati\u00e8re de protection des donn\u00e9es, ces donn\u00e9es doivent \u00eatre acquises et g\u00e9r\u00e9es de mani\u00e8re licite, loyale et transparente.<\/p>\n\n\n\n<p>Le Groupe B&amp;G s&rsquo;engage \u00e0 garantir que son \u00e9quipe conna\u00eet suffisamment la l\u00e9gislation et les pratiques de protection des donn\u00e9es afin de pouvoir anticiper et identifier toutes les questions de protection des donn\u00e9es pouvant \u00e9ventuellement surgir.<\/p>\n\n\n\n<p>Dans ces circonstances, l&rsquo;\u00e9quipe doit garantir que le Responsable du traitement est inform\u00e9, en garantissant que toutes les mesures correctives appropri\u00e9es et n\u00e9cessaires seront prises afin de garantir les droits, libert\u00e9s et garanties des titulaires des donn\u00e9es.<\/p>\n\n\n\n<p>Le Groupe B&amp;G peut partager les donn\u00e9es \u00e0 caract\u00e8re personnel des titulaires des donn\u00e9es avec des sous-traitants d\u00e8s lors qu&rsquo;elles sont n\u00e9cessaires \u00e0 la prestation normale de leurs services.<\/p>\n\n\n\n<p>Dans le cadre des obligations du Groupe B&amp;G, l&rsquo;acc\u00e8s des sous-traitants aux donn\u00e9es \u00e0 caract\u00e8re personnel partag\u00e9es par le Groupe B&amp;G est r\u00e9glement\u00e9 par le contrat conclu avec ses sous-traitants.<\/p>\n\n\n\n<p>Ainsi, le Groupe B&amp;G assure contractuellement et v\u00e9rifie r\u00e9guli\u00e8rement que ses sous-traitants sont des entit\u00e9s fiables qui offrent des garanties de protection appropri\u00e9es, seules les donn\u00e9es n\u00e9cessaires \u00e0 la prestation du service contractualis\u00e9 leur \u00e9tant transmises.<\/p>\n\n\n\n<p>Dans le cadre de sa fonction en tant que responsable du traitement, le Groupe B&amp;G peut \u00e9galement partager les donn\u00e9es \u00e0 caract\u00e8re personnel des titulaires des donn\u00e9es avec d&rsquo;autres responsables du traitement afin de r\u00e9aliser les op\u00e9rations de traitement n\u00e9cessaires \u00e0 la prestation des services contractualis\u00e9s.<\/p>\n\n\n\n<p>Dans le cadre de ladite responsabilit\u00e9 conjointe, le Groupe B&amp;G conclut un accord avec l&rsquo;autre responsable du traitement, selon lequel les finalit\u00e9s respectives et les responsabilit\u00e9s lors du respect de la l\u00e9gislation de protection des donn\u00e9es en vigueur sont identifi\u00e9es de mani\u00e8re transparente, en garantissant le respect des droits et des libert\u00e9s des titulaires des donn\u00e9es gr\u00e2ce \u00e0 l&rsquo;\u00e9tablissement de canaux de communication appropri\u00e9s pour r\u00e9pondre aux demandes des titulaires des donn\u00e9es.<\/p>\n\n\n\n<p>Ind\u00e9pendamment de la relation existante entre les destinataires des donn\u00e9es \u00e0 caract\u00e8re personnel, le Groupe B&amp;G d\u00e9finit, par le biais d&rsquo;un contrat formel et \u00e9crit, la d\u00e9limitation des obligations en mati\u00e8re de donn\u00e9es \u00e0 caract\u00e8re personnel, la finalit\u00e9 sp\u00e9cifique ou les objectifs pour lesquels ils sont impliqu\u00e9s et la compr\u00e9hension qu&rsquo;ils proc\u00e8dent aux op\u00e9rations de traitement des donn\u00e9es conform\u00e9ment \u00e0 la l\u00e9gislation portugaise sur la protection des protections des donn\u00e9es.<\/p>\n\n\n\n<h5 class=\"wp-block-heading\">V. VOS DONN\u00c9ES POURRONT \u00caTRE PARTAG\u00c9ES AVEC LES DESTINATAIRES SUIVANTS:<\/h5>\n\n\n\n<ul class=\"wp-block-list\">\n<li>Prestataires de services de support informatique, technique et op\u00e9rationnel;<\/li>\n\n\n\n<li>Entit\u00e9s du Groupe B&amp;G;<\/li>\n\n\n\n<li>Entit\u00e9s associ\u00e9es ou ayant une gestion commune avec le Groupe B&amp;G;<\/li>\n\n\n\n<li>Entit\u00e9s \u00e0 qui des entreprises du Groupe B&amp;G fournissent des services; et<\/li>\n\n\n\n<li>Organes judiciaires, organes de police criminelle et autorit\u00e9s administratives.<\/li>\n<\/ul>\n\n\n\n<h5 class=\"wp-block-heading\">VI. CE QUE NOUS FAISONS AVEC VOS DONN\u00c9ES:<\/h5>\n\n\n\n<p>En tant que responsable du traitement, le Groupe B&amp;G garantit que toutes les donn\u00e9es \u00e0 caract\u00e8re personnel :<\/p>\n\n\n\n<ul class=\"wp-block-list\">\n<li>Seront obtenues \u00e0 des fins sp\u00e9cifiques, licites et clairement d\u00e9finies, le titulaire des donn\u00e9es ayant le droit de questionner la (les) fin(s) \u00e0 laquelle (auxquelles) le Groupe B&amp;G le(s) collecte et conserve, le Groupe B&amp;G devant informer de mani\u00e8re claire et pr\u00e9cise quel est le but ou quelles sont les finalit\u00e9s.<\/li>\n\n\n\n<li>Seront compatibles avec les buts pour lesquels elles ont \u00e9t\u00e9 acquises.<\/li>\n\n\n\n<li>Seront conserv\u00e9es avec des mesures de s\u00e9curit\u00e9 appropri\u00e9es &#8211; mises en \u0153uvre ou \u00e0 mettre en \u0153uvre &#8211; pour prot\u00e9ger contre l&rsquo;acc\u00e8s non autoris\u00e9 ou contre la modification, la destruction ou la divulgation de donn\u00e9es \u00e0 caract\u00e8re personnel d\u00e9tenues par le Groupe B&amp;G en tant que responsable du traitement.<\/li>\n\n\n\n<li>Seront conserv\u00e9es d&rsquo;une mani\u00e8re pr\u00e9cise, compl\u00e8te et mise \u00e0 jour, si n\u00e9cessaire.<\/li>\n\n\n\n<li>Seront collect\u00e9es de mani\u00e8re limit\u00e9e et conserv\u00e9es uniquement pour le temps strictement n\u00e9cessaire, des donn\u00e9es excessives n&rsquo;\u00e9tant pas collect\u00e9es et\/ou trait\u00e9es.<\/li>\n<\/ul>\n\n\n\n<p>Le Groupe B&amp;G a donc mis en \u0153uvre une proc\u00e9dure de r\u00e9ponse aux demandes des titulaires des donn\u00e9es afin de g\u00e9rer ces requ\u00eates de mani\u00e8re efficace et appropri\u00e9e, dans les d\u00e9lais pr\u00e9vus dans la l\u00e9gislation.<\/p>\n\n\n\n<p>Le Groupe B&amp;G a mis en \u0153uvre ou est en train de mettre en \u0153uvre les niveaux de s\u00e9curit\u00e9 et de protection des donn\u00e9es \u00e0 caract\u00e8re personnel mis \u00e0 disposition ainsi que des mesures techniques et organisationnelles pour la protection des donn\u00e9es \u00e0 caract\u00e8re personnel contre leur diffusion, perte, utilisation abusive, modification, traitement ou acc\u00e8s non autoris\u00e9 ainsi que contre toute autre forme de traitement illicite.<\/p>\n\n\n\n<p>Tous les collaborateurs du Groupe B&amp;G sont \u00e9galement soumis \u00e0 des normes de confidentialit\u00e9.<\/p>\n\n\n\n<h5 class=\"wp-block-heading\">VII. FINALIT\u00c9S ET FONDEMENTS DE L\u00c9GALIT\u00c9 DES OP\u00c9RATIONS DE TRAITEMENT:<\/h5>\n\n\n\n<p>Clients<\/p>\n\n\n\n<p>Le Groupe B&amp;G r\u00e9alise des op\u00e9rations de traitement concernant les donn\u00e9es \u00e0 caract\u00e8re personnel de ses clients pour garantir le respect du contrat de prestations de services convenu avec les titulaires des donn\u00e9es ou avec les responsables du traitement conjoint (concernant les donn\u00e9es collect\u00e9es par ceux-ci, en tant que contreparties, employ\u00e9s et autres). Les donn\u00e9es \u00e0 caract\u00e8re personnel identifi\u00e9es ici et soumises \u00e0 des op\u00e9rations de traitement sont couvertes par une situation de besoin pour l&rsquo;ex\u00e9cution d&rsquo;un contrat, les diligences pr\u00e9contractuelles ou le respect des obligations juridiques, ou, dans le cas du marketing, elles pourront \u00eatre couvertes par le consentement.<\/p>\n\n\n\n<p>Les donn\u00e9es de cat\u00e9gorie sp\u00e9ciale concernant les clients ou obtenues par l&rsquo;interm\u00e9diaire des clients seront soumises \u00e0 des op\u00e9rations de traitement appropri\u00e9es, dans la mesure o\u00f9 elles sont n\u00e9cessaires pour des motifs d&rsquo;int\u00e9r\u00eat public important comme la pr\u00e9vention du blanchiment de capitaux et de financement du terrorisme.<\/p>\n\n\n\n<p>Le traitement des donn\u00e9es \u00e0 caract\u00e8re personnel des clients ou obtenues par l&rsquo;interm\u00e9diaire de clients, li\u00e9es \u00e0 des condamnations p\u00e9nales et des infractions ou \u00e0 des mesures de s\u00e9curit\u00e9 associ\u00e9es feront toujours l&rsquo;objet de garanties appropri\u00e9es \u00e0 la protection des droits et aux libert\u00e9s des titulaires des donn\u00e9es, les op\u00e9rations concernant ces donn\u00e9es \u00e9tant limit\u00e9es au strict respect des obligations juridiques applicables.<\/p>\n\n\n\n<p>Employ\u00e9s<\/p>\n\n\n\n<p>Le Groupe B&amp;G effectue des op\u00e9rations de traitement des donn\u00e9es de ses employ\u00e9s pour l&rsquo;ex\u00e9cution du contrat de travail. Les donn\u00e9es trait\u00e9es sont n\u00e9cessaires aux fins de l&rsquo;ex\u00e9cution d&rsquo;un contrat dont le titulaire des donn\u00e9es fait partie ou \u00e0 des effets de diligences pr\u00e9contractuelles \u00e0 la demande du titulaire des donn\u00e9es.<\/p>\n\n\n\n<p>Les donn\u00e9es \u00e0 caract\u00e8re personnel des employ\u00e9s sont \u00e9galement collect\u00e9es et trait\u00e9es aux fins du respect des obligations juridiques auxquelles le responsable du traitement est soumis.<\/p>\n\n\n\n<p>Les op\u00e9rations de traitement concernant les donn\u00e9es de cat\u00e9gorie sp\u00e9ciale collect\u00e9es aux employ\u00e9s sont n\u00e9cessaires aux fins du respect des obligations juridiques et dans l&rsquo;exercice des droits sp\u00e9cifiques du responsable du traitement ou du titulaire des donn\u00e9es en mati\u00e8re de l\u00e9gislation du travail, de s\u00e9curit\u00e9 sociale et de protection sociale, mais \u00e9galement aux fins de la m\u00e9decine pr\u00e9ventive ou du travail, pour l&rsquo;\u00e9valuation de la capacit\u00e9 de travail de l&#8217;employ\u00e9.<\/p>\n\n\n\n<p>Le traitement des donn\u00e9es \u00e0 caract\u00e8re personnel d&#8217;employ\u00e9s ou obtenues par l&rsquo;interm\u00e9diaire des employ\u00e9s, li\u00e9es \u00e0 des condamnations p\u00e9nales et des infractions ou \u00e0 des mesures de s\u00e9curit\u00e9 associ\u00e9es feront toujours l&rsquo;objet de garanties appropri\u00e9es \u00e0 la protection des droits et aux libert\u00e9s des titulaires des donn\u00e9es, les op\u00e9rations concernant ces donn\u00e9es \u00e9tant limit\u00e9es au strict respect des obligations juridiques applicables.<\/p>\n\n\n\n<p>Prestataires de services<\/p>\n\n\n\n<p>Le Groupe B&amp;G effectue des op\u00e9rations de traitement concernant les donn\u00e9es \u00e0 caract\u00e8re personnel de ses prestataires de services pour garantir le respect du contrat de prestations de services convenu avec les titulaires des donn\u00e9es ou avec les responsables du traitement conjoint (concernant les donn\u00e9es collect\u00e9es par ceux-ci, en tant que contreparties, employ\u00e9s et autres). Les donn\u00e9es \u00e0 caract\u00e8re personnel identifi\u00e9es ici et soumises \u00e0 des op\u00e9rations de traitement sont couvertes par une situation de besoin pour l&rsquo;ex\u00e9cution d&rsquo;un contrat, pour des diligences pr\u00e9contractuelles ou pour le respect des obligations juridiques.<\/p>\n\n\n\n<p>Les donn\u00e9es de cat\u00e9gorie sp\u00e9ciale concernant les prestataires de services ou obtenues par l&rsquo;interm\u00e9diaire de prestataires de services seront soumises \u00e0 des op\u00e9rations de traitement dans la mesure o\u00f9 elles sont n\u00e9cessaires \u00e0 la d\u00e9claration, \u00e0 l&rsquo;exercice ou \u00e0 la d\u00e9fense d&rsquo;un droit dans une proc\u00e9dure judiciaire, ou si le traitement est n\u00e9cessaire aux fins du respect d&rsquo;obligations et de l&rsquo;exercice des droits sp\u00e9cifiques du responsable du traitement ou du titulaire des donn\u00e9es en mati\u00e8re de l\u00e9gislation du travail, de s\u00e9curit\u00e9 sociale et de protection sociale ou d&rsquo;int\u00e9r\u00eat public important.<\/p>\n\n\n\n<p>Le traitement des donn\u00e9es \u00e0 caract\u00e8re personnel des prestataires de services ou obtenues par l&rsquo;interm\u00e9diaire de prestataires de services, li\u00e9es \u00e0 des condamnations p\u00e9nales et des infractions ou \u00e0 des mesures de s\u00e9curit\u00e9 associ\u00e9es feront toujours l&rsquo;objet de garanties appropri\u00e9es \u00e0 la protection des droits et aux libert\u00e9s des titulaires des donn\u00e9es, les op\u00e9rations concernant ces donn\u00e9es \u00e9tant limit\u00e9es au strict respect des obligations juridiques applicables.<\/p>\n\n\n\n<h5 class=\"wp-block-heading\">VIII. CRIT\u00c8RES POUR CALCULER LES P\u00c9RIODES DE R\u00c9TENTION<\/h5>\n\n\n\n<p>Le Groupe B&amp;G conserve les donn\u00e9es \u00e0 caract\u00e8re personnel pendant la p\u00e9riode qu&rsquo;il consid\u00e8re n\u00e9cessaire et suffisante pour les finalit\u00e9s qui ont motiv\u00e9 la collecte et le traitement, la p\u00e9riode de temps de stockage des donn\u00e9es variant selon la finalit\u00e9 pour laquelle les informations sont trait\u00e9es et selon les normes l\u00e9gales qui obligent \u00e0 leur r\u00e9tention, p\u00e9riode \u00e0 la fin de laquelle celles-ci seront supprim\u00e9es, moyennant les garanties techniques et fonctionnelles appropri\u00e9es, conform\u00e9ment \u00e0 ce qui est document\u00e9 dans chacun des dossiers importants.<\/p>\n\n\n\n<h5 class=\"wp-block-heading\">IX. DROIT D&rsquo;ACC\u00c8S ET EXERCICE DES DROITS<\/h5>\n\n\n\n<p>Les titulaires des donn\u00e9es peuvent exercer les droits accord\u00e9s dans le cadre de la l\u00e9gislation de protection des donn\u00e9es applicables, \u00e0 l&rsquo;adresse de courrier \u00e9lectronique :&nbsp;<a href=\"mailto:blueandgreen@dataprotection.pt\">&nbsp;blueandgreen@dataprotection.pt<\/a><\/p>\n\n\n\n<p>Le Groupe B&amp;G a \u00e9galement nomm\u00e9 un responsable de la protection des donn\u00e9es, conform\u00e9ment aux meilleures pratiques dans ce domaine qui pourra \u00eatre contact\u00e9 \u00e0 l&rsquo;adresse de courrier \u00e9lectronique suivante :<a href=\"mailto:blueandgreen@dataprotection.pt\">blueandgreen@dataprotection.pt<\/a><\/p>\n","protected":false},"excerpt":{"rendered":"<p>I. INTRODUCTION Le but de ce document est de fournir une d\u00e9claration de la politique concise sur les obligations de protection des donn\u00e9es \u00e0 mettre en \u0153uvre dans toutes les entreprises qui forment et int\u00e8grent le Groupe BLUE &amp; GREEN (ci-apr\u00e8s d\u00e9nomm\u00e9 \u00ab&nbsp;Groupe B&amp;G&nbsp;\u00bb). Cette politique inclut les obligations du Groupe B&amp;G concernant les op\u00e9rations [&hellip;]<\/p>\n","protected":false},"author":1,"featured_media":0,"parent":0,"menu_order":0,"comment_status":"closed","ping_status":"closed","template":"page-privacy.php","meta":{"_acf_changed":false,"inline_featured_image":false,"footnotes":""},"class_list":["post-6933","page","type-page","status-publish","hentry"],"acf":[],"_links":{"self":[{"href":"https:\/\/vilalara.com\/fr\/wp-json\/wp\/v2\/pages\/6933","targetHints":{"allow":["GET"]}}],"collection":[{"href":"https:\/\/vilalara.com\/fr\/wp-json\/wp\/v2\/pages"}],"about":[{"href":"https:\/\/vilalara.com\/fr\/wp-json\/wp\/v2\/types\/page"}],"author":[{"embeddable":true,"href":"https:\/\/vilalara.com\/fr\/wp-json\/wp\/v2\/users\/1"}],"replies":[{"embeddable":true,"href":"https:\/\/vilalara.com\/fr\/wp-json\/wp\/v2\/comments?post=6933"}],"version-history":[{"count":1,"href":"https:\/\/vilalara.com\/fr\/wp-json\/wp\/v2\/pages\/6933\/revisions"}],"predecessor-version":[{"id":6935,"href":"https:\/\/vilalara.com\/fr\/wp-json\/wp\/v2\/pages\/6933\/revisions\/6935"}],"wp:attachment":[{"href":"https:\/\/vilalara.com\/fr\/wp-json\/wp\/v2\/media?parent=6933"}],"curies":[{"name":"wp","href":"https:\/\/api.w.org\/{rel}","templated":true}]}}