{"id":6936,"date":"2024-03-14T14:15:24","date_gmt":"2024-03-14T14:15:24","guid":{"rendered":"https:\/\/vilalara.com\/cookies-policy\/"},"modified":"2024-05-27T09:04:13","modified_gmt":"2024-05-27T09:04:13","slug":"politique-de-cookies","status":"publish","type":"page","link":"https:\/\/vilalara.com\/fr\/politique-de-cookies\/","title":{"rendered":"Politique de Cookies"},"content":{"rendered":"\n<p>Un cookie est un petit fichier de donn\u00e9es (fichier texte) qu&rsquo;un site Web, lorsqu&rsquo;il est consult\u00e9 par un utilisateur, demande \u00e0 votre navigateur de stocker sur votre appareil afin de m\u00e9moriser des informations vous concernant, telles que vos pr\u00e9f\u00e9rences linguistiques ou informations de connexion. Nous configurons ces cookies appel\u00e9s cookies internes. Nous utilisons \u00e9galement des cookies tiers, qui sont des cookies d&rsquo;un domaine diff\u00e9rent de celui du site Web que vous consultez, pour nos efforts de publicit\u00e9 et de marketing. Plus concr\u00e8tement, nous utilisons des cookies et d&rsquo;autres technologies de suivi selon les finalit\u00e9s suivantes :<\/p>\n","protected":false},"excerpt":{"rendered":"<p>Un cookie est un petit fichier de donn\u00e9es (fichier texte) qu&rsquo;un site Web, lorsqu&rsquo;il est consult\u00e9 par un utilisateur, demande \u00e0 votre navigateur de stocker sur votre appareil afin de m\u00e9moriser des informations vous concernant, telles que vos pr\u00e9f\u00e9rences linguistiques ou informations de connexion. Nous configurons ces cookies appel\u00e9s cookies internes. Nous utilisons \u00e9galement des [&hellip;]<\/p>\n","protected":false},"author":1,"featured_media":0,"parent":0,"menu_order":0,"comment_status":"closed","ping_status":"closed","template":"page-cookiesPolicy.php","meta":{"_acf_changed":false,"inline_featured_image":false,"footnotes":""},"class_list":["post-6936","page","type-page","status-publish","hentry"],"acf":[],"_links":{"self":[{"href":"https:\/\/vilalara.com\/fr\/wp-json\/wp\/v2\/pages\/6936","targetHints":{"allow":["GET"]}}],"collection":[{"href":"https:\/\/vilalara.com\/fr\/wp-json\/wp\/v2\/pages"}],"about":[{"href":"https:\/\/vilalara.com\/fr\/wp-json\/wp\/v2\/types\/page"}],"author":[{"embeddable":true,"href":"https:\/\/vilalara.com\/fr\/wp-json\/wp\/v2\/users\/1"}],"replies":[{"embeddable":true,"href":"https:\/\/vilalara.com\/fr\/wp-json\/wp\/v2\/comments?post=6936"}],"version-history":[{"count":2,"href":"https:\/\/vilalara.com\/fr\/wp-json\/wp\/v2\/pages\/6936\/revisions"}],"predecessor-version":[{"id":6939,"href":"https:\/\/vilalara.com\/fr\/wp-json\/wp\/v2\/pages\/6936\/revisions\/6939"}],"wp:attachment":[{"href":"https:\/\/vilalara.com\/fr\/wp-json\/wp\/v2\/media?parent=6936"}],"curies":[{"name":"wp","href":"https:\/\/api.w.org\/{rel}","templated":true}]}}