{"id":6625,"date":"2024-03-14T14:15:24","date_gmt":"2024-03-14T14:15:24","guid":{"rendered":"https:\/\/vilalara.com\/cookies-policy\/"},"modified":"2024-05-28T16:00:27","modified_gmt":"2024-05-28T16:00:27","slug":"politica-de-cookies","status":"publish","type":"page","link":"https:\/\/vilalara.com\/pt\/politica-de-cookies\/","title":{"rendered":"Pol\u00edtica de Cookies"},"content":{"rendered":"\n<p>Um cookie \u00e9 um pequeno peda\u00e7o de dados (ficheiro de texto) que um site &#8211; quando visitado por um utilizador &#8211; pede ao seu navegador para armazenar no seu dispositivo, a fim de lembrar informa\u00e7\u00f5es sobre si, tais como a sua prefer\u00eancia de idioma ou informa\u00e7\u00f5es de login. Esses cookies s\u00e3o definidos por n\u00f3s e s\u00e3o chamados de cookies prim\u00e1rios. Tamb\u00e9m usamos cookies de terceiros &#8211; que s\u00e3o cookies de um dom\u00ednio diferente do dom\u00ednio do site que est\u00e1 a visitar &#8211; para as nossas iniciativas de publicidade e marketing. Mais especificamente, utilizamos cookies e outras tecnologias de localiza\u00e7\u00e3o para os seguintes fins:<\/p>\n","protected":false},"excerpt":{"rendered":"<p>Um cookie \u00e9 um pequeno peda\u00e7o de dados (ficheiro de texto) que um site &#8211; quando visitado por um utilizador &#8211; pede ao seu navegador para armazenar no seu dispositivo, a fim de lembrar informa\u00e7\u00f5es sobre si, tais como a sua prefer\u00eancia de idioma ou informa\u00e7\u00f5es de login. Esses cookies s\u00e3o definidos por n\u00f3s e [&hellip;]<\/p>\n","protected":false},"author":1,"featured_media":0,"parent":0,"menu_order":0,"comment_status":"closed","ping_status":"closed","template":"page-cookiesPolicy.php","meta":{"_acf_changed":false,"inline_featured_image":false,"footnotes":""},"class_list":["post-6625","page","type-page","status-publish","hentry"],"acf":[],"_links":{"self":[{"href":"https:\/\/vilalara.com\/pt\/wp-json\/wp\/v2\/pages\/6625","targetHints":{"allow":["GET"]}}],"collection":[{"href":"https:\/\/vilalara.com\/pt\/wp-json\/wp\/v2\/pages"}],"about":[{"href":"https:\/\/vilalara.com\/pt\/wp-json\/wp\/v2\/types\/page"}],"author":[{"embeddable":true,"href":"https:\/\/vilalara.com\/pt\/wp-json\/wp\/v2\/users\/1"}],"replies":[{"embeddable":true,"href":"https:\/\/vilalara.com\/pt\/wp-json\/wp\/v2\/comments?post=6625"}],"version-history":[{"count":2,"href":"https:\/\/vilalara.com\/pt\/wp-json\/wp\/v2\/pages\/6625\/revisions"}],"predecessor-version":[{"id":6628,"href":"https:\/\/vilalara.com\/pt\/wp-json\/wp\/v2\/pages\/6625\/revisions\/6628"}],"wp:attachment":[{"href":"https:\/\/vilalara.com\/pt\/wp-json\/wp\/v2\/media?parent=6625"}],"curies":[{"name":"wp","href":"https:\/\/api.w.org\/{rel}","templated":true}]}}